{"id":310,"date":"2024-03-27T16:32:11","date_gmt":"2024-03-27T15:32:11","guid":{"rendered":"https:\/\/www.kunstunddesign-auktionen.de\/privacy-statement\/"},"modified":"2024-04-17T12:43:37","modified_gmt":"2024-04-17T10:43:37","slug":"privacy-statement","status":"publish","type":"page","link":"https:\/\/www.kunstunddesign-auktionen.de\/en\/privacy-statement\/","title":{"rendered":"Privacy Statement"},"content":{"rendered":"\n<p>KUNST &amp; DESIGN AUKTIONSHAUS SCHOPS TUROWSKI<br\/>Wiedstr. 21 | 47799 Krefeld<\/p>\n\n<p>Quittenbaum Kunstauktionen GmbH<br\/>Theresienstr. 60, 80333 M\u00fcnchen<br\/>Amtsgericht M\u00fcnchen: HRB 172005<\/p>\n\n<p>Personally liable partner:<br\/>Askan Quittenbaum<\/p>\n\n<p>CEO authorised to represent: Askan Quittenbaum<\/p>\n\n<p>Responsible for the content \u00a7 6 MDStV: Askan Quittenbaum<br\/>Webdesign: Pure Pattern Computer GmbH<\/p>\n\n<p>This <strong>Privacy Notice<\/strong> This Privacy Notice (herein after referred to as \u2018Notice\u2019) gives indication of which personal information we collect, either directly or indirectly and how we use it. Personal information contains data by means of which you can be identified, or that can be linked to you. Furthermore, the notice indicates which decisions you can make in regards to the collected information and how you can control these decisions. It is valid for all websites under the control of Quittenbaum Kunstauktionen GmbH and all other interactions offline, for example for a visit at our premises or for participation in one of our events (herein after referred to as \u2018Services\u2019). Please read the notice thoroughly to learn how Quittenbaum collects your information, uses it or shares it. Quittenbaum Kunstauktionen GmbH is known here as \u2018We\u2019, \u2018Us\u2019 or \u2018Quittenbaum\u2019.<\/p>\n\n<p><strong>Acquisition of general data<\/strong><\/p>\n\n<p>When you access our website, general data will be collected automatically. This information (server logfiles) contains for example which kind of web browser is used, the operating system, the domain name of your internet service provider and suchlike. These are all pieces of information that cannot be used to draw conclusions about you. These data are technically required to provide the content you requested correctly and are mandatory for using the internet. Anonymous information will be analysed from a statistical point of view, to improve our internet presence and the technique behind it.<\/p>\n\n<p><strong>Cookies<\/strong><\/p>\n\n<p>Like many other websites, we use \u201cCookies\u201d. Cookies are small text files that are downloaded from the website server onto your harddrive. As a result, we receive certain information automatically, for example, your IP address, browser and operating system on your computer and your internet connection. Cookies cannot be used to start programmes on or transfer viruses to your computer. With the aid of the data stored in cookies we can provide you with easier navigation and ensure the correct display of our websites. On no account will we share the gathered information with third parties or create a link with personal data without your consent. Naturally, you can view our website basically without cookies. Web browsers are routinely set to accept cookies. You can deactivate the use of cookies anytime, using your browser setting. Please use the \u2018Help\u2019 function of your web browser to learn how to change settings. Please be aware that single functions of our website might not work any longer if you deactivate cookie application.<\/p>\n\n<p><strong>Registration on our website<\/strong><\/p>\n\n<p>When you register to use our personalised services, some personal information will be collected, like name, address, contact and communication data, i.e. telephone number and email address. If you are registered, you can access contents and services only available for registered users. Registered users have the possibility to correct, amend, update or delete their data provided at registration. Naturally, we will provide information on your filed personal data anytime. We will be happy to correct or delete them if you wish so, unless barred by a legal duty to preserve records. To get in touch with us on that matter, please use the contact data provided at the end of this privacy notice.<\/p>\n\n<p><strong>SSL encryption<\/strong><\/p>\n\n<p>We use state of the art ciphering methods to ensure the safety of your information during transfer (e.g. SSL) on HTTPS.<\/p>\n\n<p><strong>Newsletter<\/strong><\/p>\n\n<p>When you register to receive our newsletter, the information provided by you will only be used for this purpose. Subscribers may be informed via email in some circumstances regarding service or registration (for example: Changes in the offer, technical facts). For a valid registration, we need a valid email address. In order to verify that the registration was indeed made by the email address\u2019s holder, we use the \u201cDouble-opt-in\u201d process. To this end, we trace the subscription of the newsletter, the dispatch of a confirmation email and the receipt of the thereby requested response. Further information is not required. The data will be used exclusively for the newsletter mailing and will not be shared with a third party. You can revoke your consent to the storage of your personal data and their use for the newsletter mailing at any time. Each newsletter has the required link attached. Moreover, you can unsubscribe directly on this website at any time or inform us by using the contact information provided at the end of this document.<\/p>\n\n<p>The newsletter data is stored at CleverReach\u00ae.<\/p>\n\n<p><strong>Contact form<\/strong><\/p>\n\n<p>When you contact us via email or the contact form, the information you provide us with will be stored for processing your enquiry and possible follow-up questions only.<\/p>\n\n<p><strong>Deletion respectively blocking of data<\/strong><\/p>\n\n<p>We observe the principles of data reduction and data economy. Your personal information will be saved only as long as is required to serve the purpose respectively as long as is allowed by law. Subsequently, after the purpose is fulfilled or the term is expired, the pertinent data will be either blocked or deleted, in accordance to legal regulations.<\/p>\n\n<p><strong>Usage of Matomo<\/strong><\/p>\n\n<p>This website uses Matomo, an Open-Source software to statistical evaluate traffic. Matomo uses so-called \u201cCookies\u201d small text files that are downloaded from the website server onto your harddrive and help analyse your use of the website. The information on your internet use created through cookies will be stored on a server in Germany. The IP address will be anonymised immediately after processing and before storage. You can choose to prevent the installation of cookies by changing the setting of your browser software. Please be aware that single functions of our website might not work any longer if you deactivate cookie application. You can decide whether a plain analytics cookie may be downloaded to allow the website operator to gather and analyse various statistical data.<\/p>\n<p>[matomo_opt_out language=de font_size=1rem font_family=inherit]<\/p>\n\n<p><strong>Verwendung von Google Maps<\/strong><\/p>\n\n<p>Diese Webseite verwendet Google Maps API, um geographische Informationen visuell darzustellen. Bei der Nutzung von Google Maps werden von Google auch Daten \u00fcber die Nutzung der Kartenfunktionen durch Besucher erhoben, verarbeitet und genutzt. N\u00e4here Informationen \u00fcber die Datenverarbeitung durch Google k\u00f6nnen Sie den Google-Datenschutzhinweisen (<a href=\"http:\/\/www.google.com\/privacypolicy.html\" target=\"_blank\" rel=\"noreferrer noopener\">http:\/\/www.google.com\/privacypolicy.html<\/a>) entnehmen. Dort k\u00f6nnen Sie im Datenschutzcenter auch Ihre pers\u00f6nlichen Datenschutz-Einstellungen ver\u00e4ndern.<\/p>\n\n<p>Ausf\u00fchrliche Anleitungen zur Verwaltung der eigenen Daten im Zusammenhang mit Google-Produkten finden Sie <a href=\"http:\/\/www.dataliberation.org\/\" target=\"_blank\" rel=\"noreferrer noopener\">hier<\/a>.<\/p>\n\n<p><strong>Embedded YouTube videos<\/strong><\/p>\n\n<p>Some of our websites have YouTube embedded. The operator of the corresponding plugins is YouTube, LLC, 901 Cherry Ave., San Bruno, CA 94066 USA. If you visit a website featuring a YouTube plugin, a link with the YouTube servers will be created. Thereby YouTube is notified of which sites you have been visiting. If you are logged-in to your YouTube account, YouTube can link your surf behaviour directly to you. You can prevent that by logging out of your YouTube account beforehand. When a YouTube video is started, the provider uses cookies to collect data of the user behaviour. If you already deactivated the download of cookies for the Google-Ad programme, you will not have to deal with cookies when watching YouTube videos. YouTube does gather non-personal user information, though. If you wish to prevent this, you need to block the download of cookies on your browser. Find more information on the privacy policy of YouTube at https:\/\/www.google.de\/intl\/de\/policies\/privacy\/ <a href=\"https:\/\/www.google.de\/intl\/de\/policies\/privacy\/\" target=\"_blank\" rel=\"noreferrer noopener\">https:\/\/www.google.de\/intl\/de\/policies\/privacy\/<\/a><\/p>\n\n<p><strong>Social Plugins<\/strong><\/p>\n\n<p>On our website we offer you the possibility to use so-called \u2018Social Media Buttons\u2019. To protect your data we use the \u201cShariff\u201d solution when implementing. As a result of this, these buttons are only embedded as graphics, containing a link to the button operator. By clicking on the graphics, you are redirected to the services of the respective operators. Only then your data will be forwarded to the respective operators. If you don\u2019t click on the graphics, no communication will take place between you and the operators of the Social Media Buttons. Find information on gathering and use of your data in social networks in the respective site policies. Find more information on the Shariff solution <a href=\"http:\/\/www.heise.de\/ct\/artikel\/Shariff-Social-Media-Buttons-mit-Datenschutz-2467514.html\" target=\"_blank\" rel=\"noreferrer noopener\">here<\/a>.<\/p>\n\n<p>We embedded the Social Media Buttons of the following companies in our website: Facebook Inc. (1601 S. California Ave &#8211; Palo Alto &#8211; CA 94304 &#8211; USA) Twitter Inc. (795 Folsom St. &#8211; Suite 600 &#8211; San Francisco &#8211; CA 94107 &#8211; USA) Pinterest<\/p>\n\n<p><strong>Your right to disclosure, correction, blockage, deletion and objection<\/strong><\/p>\n\n<p>You have the right to obtain information on all personal data we have stored about you. Likewise, you have the right to correction, blockage, or deletion of your personal data unless mandatory for business purposes. Please contact our data protection officer. You can find the contact details at the bottom. The data needs to be stored separately in a so-called lock file for supervisory purposes. You can demand to have them deleted unless legal obligations to keep the information prevent it. In that case, we will block your data on request. If such an obligation exists, we will block your data upon request. You can make changes or revoke your consent with effect for the future by notifying us accordingly.<\/p>\n\n<p><strong>Modification of our data protection regulations<\/strong><\/p>\n\n<p>We reserve the right to adjust the privacy notice from time to time, to comply with the latest legal requirements or to implement changes in our services. The new privacy notice will be in effect when you visit the site again. The new data protection declaration will then apply to your next visit.<\/p>\n\n<p><strong>Questions to the data protection official<\/strong><\/p>\n\n<p>If you have any questions regarding data security, please send an email or contact our data protection official directly:<\/p>\n\n<p><strong>Quittenbaum Kunstauktionen GmbH<\/strong> Mr. Askan Quittenbaum<\/p>\n\n<p>Theresienstr. 60 D-80333 M\u00fcnchen Telefon: <a class=\"customer-phone\" href=\"tel:+49(0)21511546127\">+49 (0) 2151 154 6127<\/a> Telefax: +49 (0) 2151 154 7018 E-Mail: <a href=\"#\" class=\"cryptedmail\" data-name=\"info\" data-domain=\"kunstunddesign-auktionen\" data-tld=\"de\" onclick=\"window.location.href = 'mailto:' + this.dataset.name + '@' + this.dataset.domain + '.' + this.dataset.tld; return false;\"><\/a><\/p>\n\n<p><strong>Data handling according to DS-GVO<\/strong><\/p>\n\n<p>Quittenbaum Kunstauktionen GmbH guarantees compliance with the German laws governing data protection and data security BDSG and DS-GVO. To this end, the employees of Quittenbaum have been committed to the data secrecy by writing, in accordance with \u00a75 sentence 2 BDSG (respectively \u00a753 BDSG-neu).<\/p>\n\n<p>As far as Quittenbaum processes personal information to realise a project, Quittenbaum will be acting on behalf of the client in accordance to \u00a711 BDSG \/ Art. 28 DS-GVO. Quittenbaum will use the personal data only as part of an agreement with or other written instruction by the client and in accordance with the data protection and data security terms.<\/p>\n\n<p>Moreover, Quittenbaum guarantees that all information will be kept secret indefinitely. This applies not only to the internal methods and procedures but also to all information that is labelled confidential or can be identified as company or business secret. As far as the projects do not require it, no records or messages will be imparted to third parties. We may convey personal data with third parties in exceptional cases. This only happens if: there is the express consent of the person concerned,<\/p>\n\n<ul class=\"wp-block-list\">\n<li>the processing is necessary to execute a contract with the data subject,<\/li>\n\n\n\n<li>the processing is necessary to fulfill a legal obligation,<\/li>\n\n\n\n<li>the processing is necessary to protect legitimate interests and there is no reason to assume that the data subject has an overriding legitimate interest in not disclosing their data. We take into account the principles of data minimization and data economy in accordance with Art. 5 GDPR, i.e. personal data is only stored for as long as the legal requirements require or as it is necessary for the stated purposes. The personal data will then be blocked or deleted.<\/li>\n<\/ul>\n\n<p>Quittenbaum undertakes the security measures decreed by Art. 32 DS-GVO and \u00a79 BDSG to protect the data stored in their systems from unauthorised access, misappropriation and deletion. This encompasses organisational and technical measures, to restrict access to personal data to employees of Quittenbaum only (access control). Likewise, the physical access to information technology systems containing personal information is controlled and protected (entry control). Quittenbaum\u2019s servers are located in Germany.<\/p>\n\n<p>We reserve the right to adjust the privacy notice, for example to comply with the latest legal requirements.<\/p>\n\n<p>If you have any questions regarding data security, please contact <a href=\"#\" class=\"cryptedmail\" data-name=\"info\" data-domain=\"kunstunddesign-auktionen\" data-tld=\"de\" onclick=\"window.location.href = 'mailto:' + this.dataset.name + '@' + this.dataset.domain + '.' + this.dataset.tld; return false;\"><\/a>.<\/p>\n","protected":false},"excerpt":{"rendered":"<p>KUNST &amp; DESIGN AUKTIONSHAUS SCHOPS TUROWSKIWiedstr. 21 | 47799 Krefeld Quittenbaum Kunstauktionen GmbHTheresienstr. 60, 80333 M\u00fcnchenAmtsgericht M\u00fcnchen: HRB 172005 Personally liable partner:Askan Quittenbaum CEO authorised to represent: Askan Quittenbaum Responsible for the content \u00a7 6 MDStV: Askan QuittenbaumWebdesign: Pure Pattern Computer GmbH This Privacy Notice This Privacy Notice (herein after referred to as \u2018Notice\u2019) gives [&#8230;]<\/p>\n<p><a class=\"btn btn-secondary understrap-read-more-link\" href=\"https:\/\/www.kunstunddesign-auktionen.de\/en\/privacy-statement\/\">Read More&#8230;<\/a><\/p>\n","protected":false},"author":1,"featured_media":0,"parent":0,"menu_order":0,"comment_status":"closed","ping_status":"open","template":"page-templates\/smallwidthpage.php","meta":{"footnotes":""},"class_list":["post-310","page","type-page","status-publish","hentry"],"_links":{"self":[{"href":"https:\/\/www.kunstunddesign-auktionen.de\/en\/wp-json\/wp\/v2\/pages\/310","targetHints":{"allow":["GET"]}}],"collection":[{"href":"https:\/\/www.kunstunddesign-auktionen.de\/en\/wp-json\/wp\/v2\/pages"}],"about":[{"href":"https:\/\/www.kunstunddesign-auktionen.de\/en\/wp-json\/wp\/v2\/types\/page"}],"author":[{"embeddable":true,"href":"https:\/\/www.kunstunddesign-auktionen.de\/en\/wp-json\/wp\/v2\/users\/1"}],"replies":[{"embeddable":true,"href":"https:\/\/www.kunstunddesign-auktionen.de\/en\/wp-json\/wp\/v2\/comments?post=310"}],"version-history":[{"count":3,"href":"https:\/\/www.kunstunddesign-auktionen.de\/en\/wp-json\/wp\/v2\/pages\/310\/revisions"}],"predecessor-version":[{"id":313,"href":"https:\/\/www.kunstunddesign-auktionen.de\/en\/wp-json\/wp\/v2\/pages\/310\/revisions\/313"}],"wp:attachment":[{"href":"https:\/\/www.kunstunddesign-auktionen.de\/en\/wp-json\/wp\/v2\/media?parent=310"}],"curies":[{"name":"wp","href":"https:\/\/api.w.org\/{rel}","templated":true}]}}