{"id":220,"date":"2024-04-11T16:22:04","date_gmt":"2024-04-11T14:22:04","guid":{"rendered":"https:\/\/www.kunstunddesign-auktionen.de\/?page_id=220"},"modified":"2026-02-26T12:09:01","modified_gmt":"2026-02-26T11:09:01","slug":"versandinformation","status":"publish","type":"page","link":"https:\/\/www.kunstunddesign-auktionen.de\/de\/kaufen\/versandinformation\/","title":{"rendered":"Versandinformation"},"content":{"rendered":"\n<p><\/p>\n\n\n\n<h3 class=\"wp-block-heading\">Versand bei Online-Only Auktionen<\/h3>\n\n\n\n<p>F\u00fcr Informationen zu Versand und Transport steht Ihnen Martin Steinke als Ansprechpartner unter <a href=\"mailto:m.steinke@kunstunddesign-auktionen.de\">m.steinke@kunstunddesign-auktionen.de<\/a> zur Verf\u00fcgung.<\/p>\n\n\n\n<p><\/p>\n\n\n\n<h3 class=\"wp-block-heading\">Versand \u00fcber einen unserer Speditionspartner<\/h3>\n\n\n\n<p>F\u00fcr Angebote vor oder nach den Auktionen kontaktieren Sie bitte unten genannte Speditionen. Als Ansprechpartner bei uns im Haus steht Ihnen Martin Steinke unter <a href=\"mailto:m.steinke@kunstunddesign-auktionen.de\"> <a href=\"mailto:m.steinke@kunstunddesign-auktionen.de\">m.steinke@kunstunddesign-auktionen.de<\/a><\/a> zur Verf\u00fcgung.<\/p>\n\n\n\n<p><\/p>\n\n\n\n<p class=\"has-medium-font-size\"><strong>Paketversand national und international<\/strong><\/p>\n\n\n\r\n\t\t<div  class=\"block-4fba50e2-d915-4b71-9607-4d8dad95c600 row areoi-element row-cols-1 row-cols-sm-2\">\r\n\t\t\t\r\n\r\n\t\t\t\n\r\n\t\t<div  class=\"block-4911d109-d72b-48bd-8dfc-40efbd2ea1f9 col areoi-element\">\r\n\t\t\t\r\n\t\t\t\n\n<p>MAIL Boxes Etc. Krefeld<br>Herr Axel Beck<br>Kimplerstr. 326 a<br>47807 Krefeld<br>E-Mail: <a href=\"mailto:mbe0155@mbe.de\">mbe0155@mbe.de<\/a><\/p>\n\n \r\n\t\t\t\r\n\t\t<\/div>\r\n\t\n\n\r\n\t\t<div  class=\"block-3cef0d8c-1eb1-460e-8dff-aadca902d056 col areoi-element\">\r\n\t\t\t\r\n\t\t\t\n\n<p>Oliver Schuetz Fineart &#8211; Spedition<br>Koppelweg 1<br>29599 Weste<br>Tel: +49 1522 47 88 652<br>E-Mail: <a href=\"mailto:info@schuetz-fineart-spedition.de\">info@schuetz-fineart-spedition.de<\/a><br>Website: <a href=\"http:\/\/www.schuetz-fineart-spedition.de\" target=\"_blank\" rel=\"noreferrer noopener nofollow\">www.schuetz-fineart-spedition.de<\/a><\/p>\n\n \r\n\t\t\t\r\n\t\t<\/div>\r\n\t\n \r\n\t\t<\/div>\r\n\t\n\n\n<p class=\"has-medium-font-size\"><strong>Versand gro\u00dfe Objekte national und Europa<\/strong><\/p>\n\n\n\r\n\t\t<div  class=\"block-03c4da06-2cdc-41fa-b64d-98844e7cd887 row areoi-element row-cols-1 row-cols-sm-2\">\r\n\t\t\t\r\n\r\n\t\t\t\n\r\n\t\t<div  class=\"block-3ffef367-901b-429e-9e14-2df5b7a532e2 col areoi-element\">\r\n\t\t\t\r\n\t\t\t\n\n<p>Carsten Kremer\/HWC Transporte<br>Kunst &amp; Design Transport<br>Gatherhofstra\u00dfe 141<br>47804 Krefeld<br>Tel: +49 177 80 25 682<br>E-Mail: <a href=\"mailto:info@hwc-transport-kremer.de\">info@hwc-transport-kremer.de<\/a><\/p>\n\n \r\n\t\t\t\r\n\t\t<\/div>\r\n\t\n\n\r\n\t\t<div  class=\"block-be77b6ba-79c7-4fac-b05a-1c8d1eea5a4b col areoi-element\">\r\n\t\t\t\r\n\t\t\t\n\n<p>Oettermann Kunstlogistik<br>Wahlenstra\u00dfe 44-46<br>50823 K\u00f6ln<br>Tel: +49 221 52 08 84<br>Fax: +49 221 52 11 99<br>E-Mail: <a href=\"mailto:info@oettermann.de\">info@oettermann.de<\/a><\/p>\n\n \r\n\t\t\t\r\n\t\t<\/div>\r\n\t\n \r\n\t\t<\/div>\r\n\t\n\n\n<p class=\"has-medium-font-size\"><strong>Versand USA, Asien<\/strong><\/p>\n\n\n\r\n\t\t<div  class=\"block-83b8c5c3-111e-4217-86b8-4bc2a809d948 row areoi-element row-cols-1 row-cols-sm-2\">\r\n\t\t\t\r\n\r\n\t\t\t\n\r\n\t\t<div  class=\"block-825b2170-88af-4f24-ade3-b170ea6598eb col areoi-element\">\r\n\t\t\t\r\n\t\t\t\n\n<p>Schmidt-Global<br>Stationsweg Oost 281D<br>3931 ER Woudenberg<br>The Netherlands<br>Tel: +31 33 760 0270<br>Fax: +31 33 760 0279<br>Kontakt: Myriam Tiberghien (Furniture Transport Sales Manager)<br>E-Mail: <a href=\"mailto:myriam@schmidt-global.nl\">myriam@schmidt-global.nl<\/a><br>Website: <a href=\"http:\/\/www.schmidt-global.nl\" target=\"_blank\" rel=\"noreferrer noopener nofollow\"> www.schmidt-global.nl<\/a><\/p>\n\n \r\n\t\t\t\r\n\t\t<\/div>\r\n\t\n\n\r\n\t\t<div  class=\"block-0d08f6f1-ef17-4a6f-94b9-0949ee11ff07 col areoi-element\">\r\n\t\t\t\r\n\t\t\t\n\n<p>M2 Logistik GmbH<br>Martin M\u00fchlburger<br>Henleinstr. 1<br>85570 Markt Schwaben<br>Deutschland<br>Tel: +49 (8121) 2230-15<br>Fax: +49 (8121) 2230-50<br>E-Mail: <a href=\"mailto:info@m2logistik.de\">info@m2logistik.de<\/a><br>Website: <a href=\"http:\/\/www.m2logistik.de\" target=\"_blank\" rel=\"noreferrer noopener nofollow\"> www.m2logistik.de<\/a><\/p>\n\n \r\n\t\t\t\r\n\t\t<\/div>\r\n\t\n \r\n\t\t<\/div>\r\n\t","protected":false},"excerpt":{"rendered":"<p>Versand bei Online-Only Auktionen F\u00fcr Informationen zu Versand und Transport steht Ihnen Martin Steinke als Ansprechpartner unter m.steinke@kunstunddesign-auktionen.de zur Verf\u00fcgung. Versand \u00fcber einen unserer Speditionspartner F\u00fcr Angebote vor oder nach den Auktionen kontaktieren Sie bitte unten genannte Speditionen. Als Ansprechpartner bei uns im Haus steht Ihnen Martin Steinke unter m.steinke@kunstunddesign-auktionen.de zur Verf\u00fcgung. Paketversand national und [&#8230;]<\/p>\n<p><a class=\"btn btn-secondary understrap-read-more-link\" href=\"https:\/\/www.kunstunddesign-auktionen.de\/de\/kaufen\/versandinformation\/\">Read More&#8230;<\/a><\/p>\n","protected":false},"author":1,"featured_media":0,"parent":27,"menu_order":0,"comment_status":"closed","ping_status":"closed","template":"page-templates\/smallwidthpage.php","meta":{"footnotes":""},"class_list":["post-220","page","type-page","status-publish","hentry"],"_links":{"self":[{"href":"https:\/\/www.kunstunddesign-auktionen.de\/de\/wp-json\/wp\/v2\/pages\/220","targetHints":{"allow":["GET"]}}],"collection":[{"href":"https:\/\/www.kunstunddesign-auktionen.de\/de\/wp-json\/wp\/v2\/pages"}],"about":[{"href":"https:\/\/www.kunstunddesign-auktionen.de\/de\/wp-json\/wp\/v2\/types\/page"}],"author":[{"embeddable":true,"href":"https:\/\/www.kunstunddesign-auktionen.de\/de\/wp-json\/wp\/v2\/users\/1"}],"replies":[{"embeddable":true,"href":"https:\/\/www.kunstunddesign-auktionen.de\/de\/wp-json\/wp\/v2\/comments?post=220"}],"version-history":[{"count":25,"href":"https:\/\/www.kunstunddesign-auktionen.de\/de\/wp-json\/wp\/v2\/pages\/220\/revisions"}],"predecessor-version":[{"id":1206,"href":"https:\/\/www.kunstunddesign-auktionen.de\/de\/wp-json\/wp\/v2\/pages\/220\/revisions\/1206"}],"up":[{"embeddable":true,"href":"https:\/\/www.kunstunddesign-auktionen.de\/de\/wp-json\/wp\/v2\/pages\/27"}],"wp:attachment":[{"href":"https:\/\/www.kunstunddesign-auktionen.de\/de\/wp-json\/wp\/v2\/media?parent=220"}],"curies":[{"name":"wp","href":"https:\/\/api.w.org\/{rel}","templated":true}]}}